{"id":37,"date":"2021-10-25T11:33:13","date_gmt":"2021-10-25T09:33:13","guid":{"rendered":"http:\/\/www.chezmeunier.com\/contact\/"},"modified":"2023-01-02T18:24:08","modified_gmt":"2023-01-02T17:24:08","slug":"contact","status":"publish","type":"page","link":"https:\/\/www.chezmeunier.com\/en\/contact\/","title":{"rendered":"Contactez-nous"},"content":{"rendered":"\n<div style=\"height:40px\" aria-hidden=\"true\" class=\"wp-block-spacer\"><\/div>\n\n\n\n<p class=\"has-text-align-center\" style=\"font-size:25px\">Compl\u00e9tez l\u2019int\u00e9gralit\u00e9 du formulaire ci-dessous et nous r\u00e9pondrons<br>au plus vite.<\/p>\n\n\n\n<div style=\"height:80px\" aria-hidden=\"true\" class=\"wp-block-spacer\"><\/div>\n\n\n<div class=\"wpforms-container wpforms-block job-form\" id=\"wpforms-712\"><form id=\"wpforms-form-712\" class=\"wpforms-validate wpforms-form wpforms-ajax-form\" data-formid=\"712\" method=\"post\" enctype=\"multipart\/form-data\" action=\"\/en\/wp-json\/wp\/v2\/pages\/37?wpforms_form_id=712\" data-token=\"6643ef0530b8d8ce476cf04cb9504d0d\" data-token-time=\"1776686652\"><noscript class=\"wpforms-error-noscript\">Please enable JavaScript in your browser to complete this form.<\/noscript><div class=\"wpforms-field-container\"><div id=\"wpforms-712-field_21-container\" class=\"wpforms-field wpforms-field-hidden\" data-field-id=\"21\"><input type=\"hidden\" id=\"wpforms-712-field_21\" name=\"wpforms[fields][21]\" value=\" =&gt; https:\/\/www.chezmeunier.com\/en\/wp-json\/wp\/v2\/pages\/37\"><\/div><div id=\"wpforms-712-field_11-container\" class=\"wpforms-field wpforms-field-select wpforms-field-select-style-classic\" data-field-id=\"11\"><label class=\"wpforms-field-label wpforms-label-hide\" for=\"wpforms-712-field_11\">Civilit\u00e9<\/label><select id=\"wpforms-712-field_11\" class=\"wpforms-field-small\" name=\"wpforms[fields][11]\"><option value=\"\" class=\"placeholder\" disabled  selected='selected'>Civilit\u00e9<\/option><option value=\"Madame\" >Madame<\/option><option value=\"Monsieur\" >Monsieur<\/option><\/select><\/div><div id=\"wpforms-712-field_0-container\" class=\"wpforms-field wpforms-field-name\" data-field-id=\"0\"><label class=\"wpforms-field-label wpforms-label-hide\" for=\"wpforms-712-field_0\">Pr\u00e9nom \/ Nom<\/label><div class=\"wpforms-field-row wpforms-field-large\"><div class=\"wpforms-field-row-block wpforms-first wpforms-one-half\"><input type=\"text\" id=\"wpforms-712-field_0\" class=\"wpforms-field-name-first\" name=\"wpforms[fields][0][first]\" placeholder=\"Pr\u00e9nom\" ><label for=\"wpforms-712-field_0\" class=\"wpforms-field-sublabel after wpforms-sublabel-hide\">First<\/label><\/div><div class=\"wpforms-field-row-block wpforms-one-half\"><input type=\"text\" id=\"wpforms-712-field_0-last\" class=\"wpforms-field-name-last\" name=\"wpforms[fields][0][last]\" placeholder=\"Nom\" ><label for=\"wpforms-712-field_0-last\" class=\"wpforms-field-sublabel after wpforms-sublabel-hide\">Last<\/label><\/div><\/div><\/div><div id=\"wpforms-712-field_1-container\" class=\"wpforms-field wpforms-field-email wpforms-one-half wpforms-first\" data-field-id=\"1\"><label class=\"wpforms-field-label wpforms-label-hide\" for=\"wpforms-712-field_1\">Email <span class=\"wpforms-required-label\">*<\/span><\/label><input type=\"email\" id=\"wpforms-712-field_1\" class=\"wpforms-field-small wpforms-field-required\" name=\"wpforms[fields][1]\" placeholder=\"Adresse email*\" spellcheck=\"false\" required><\/div><div id=\"wpforms-712-field_3-container\" class=\"wpforms-field wpforms-field-phone wpforms-one-half\" data-field-id=\"3\"><label class=\"wpforms-field-label wpforms-label-hide\" for=\"wpforms-712-field_3\">T\u00e9l\u00e9phone <span class=\"wpforms-required-label\">*<\/span><\/label><input type=\"tel\" id=\"wpforms-712-field_3\" class=\"wpforms-field-small wpforms-field-required\" data-rule-int-phone-field=\"true\" name=\"wpforms[fields][3]\" placeholder=\"T\u00e9l\u00e9phone*\" aria-label=\"T\u00e9l\u00e9phone\" required><\/div><div id=\"wpforms-712-field_22-container\" class=\"wpforms-field wpforms-field-select wpforms-conditional-trigger wpforms-field-select-style-classic\" data-field-id=\"22\"><label class=\"wpforms-field-label\" for=\"wpforms-712-field_22\">Votre demande concerne <span class=\"wpforms-required-label\">*<\/span><\/label><select id=\"wpforms-712-field_22\" class=\"wpforms-field-large wpforms-field-required\" name=\"wpforms[fields][22]\" required=\"required\"><option value=\"Un \u00e9v\u00e9nement\" >Un \u00e9v\u00e9nement<\/option><option value=\"Un achat\" >Un achat<\/option><option value=\"Une offre d&#039;emploi\" >Une offre d&#039;emploi<\/option><\/select><\/div><div id=\"wpforms-712-field_27-container\" class=\"wpforms-field wpforms-field-select wpforms-conditional-field wpforms-conditional-show wpforms-conditional-trigger wpforms-field-select-style-classic\" data-field-id=\"27\" style=\"display:none;\"><label class=\"wpforms-field-label\" for=\"wpforms-712-field_27\">Commande effectu\u00e9e<\/label><select id=\"wpforms-712-field_27\" class=\"wpforms-field-large\" name=\"wpforms[fields][27]\"><option value=\"En boutique\" >En boutique<\/option><\/select><\/div><div id=\"wpforms-712-field_28-container\" class=\"wpforms-field wpforms-field-select wpforms-conditional-field wpforms-conditional-show wpforms-field-select-style-classic\" data-field-id=\"28\" style=\"display:none;\"><label class=\"wpforms-field-label\" for=\"wpforms-712-field_28\">La boutique est situ\u00e9e \u00e0 <span class=\"wpforms-required-label\">*<\/span><\/label><select id=\"wpforms-712-field_28\" class=\"wpforms-field-large wpforms-field-required\" name=\"wpforms[fields][28]\" required=\"required\"><option value=\"Bagnolet\" >Bagnolet<\/option><option value=\"Crim\u00e9e\" >Crim\u00e9e<\/option><option value=\"Galeries Lafayette Gourmet\" >Galeries Lafayette Gourmet<\/option><option value=\"Issy-les-Moulineaux\" >Issy-les-Moulineaux<\/option><option value=\"La Chapelle\" >La Chapelle<\/option><option value=\"Malesherbes\" >Malesherbes<\/option><option value=\"Neuilly-sur-Seine\" >Neuilly-sur-Seine<\/option><option value=\"Niel\" >Niel<\/option><option value=\"Place d\u2019Italie\" >Place d\u2019Italie<\/option><option value=\"Rambuteau\" >Rambuteau<\/option><option value=\"Victor Hugo\" >Victor Hugo<\/option><option value=\"Villages Nature\" >Villages Nature<\/option><option value=\"Cabourg\" >Cabourg<\/option><option value=\"Deauville\" >Deauville<\/option><option value=\"Trouville-sur-Mer\" >Trouville-sur-Mer<\/option><\/select><\/div><div id=\"wpforms-712-field_23-container\" class=\"wpforms-field wpforms-field-select wpforms-one-half wpforms-first wpforms-conditional-field wpforms-conditional-show wpforms-field-select-style-classic\" data-field-id=\"23\" style=\"display:none;\"><label class=\"wpforms-field-label\" for=\"wpforms-712-field_23\">Nombre de personnes pr\u00e9vues<\/label><select id=\"wpforms-712-field_23\" class=\"wpforms-field-small\" name=\"wpforms[fields][23]\"><option value=\"5-10\" >5-10<\/option><option value=\"11-20\" >11-20<\/option><option value=\"+ 20\" >+ 20<\/option><\/select><\/div><div id=\"wpforms-712-field_24-container\" class=\"wpforms-field wpforms-field-select wpforms-one-half select-full wpforms-conditional-field wpforms-conditional-show wpforms-field-select-style-classic\" data-field-id=\"24\" style=\"display:none;\"><label class=\"wpforms-field-label wpforms-label-hide\" for=\"wpforms-712-field_24\">Type d&#039;\u00e9v\u00e9nement<\/label><select id=\"wpforms-712-field_24\" class=\"wpforms-field-medium\" name=\"wpforms[fields][24]\"><option value=\"Petit d\u00e9jeuner\" >Petit d\u00e9jeuner<\/option><option value=\"D\u00e9jeuner\" >D\u00e9jeuner<\/option><\/select><\/div><div id=\"wpforms-712-field_25-container\" class=\"wpforms-field wpforms-field-textarea wpforms-conditional-field wpforms-conditional-show\" data-field-id=\"25\" style=\"display:none;\"><label class=\"wpforms-field-label\" for=\"wpforms-712-field_25\">Votre message :<\/label><textarea id=\"wpforms-712-field_25\" class=\"wpforms-field-medium\" name=\"wpforms[fields][25]\" ><\/textarea><\/div><div id=\"wpforms-712-field_17-container\" class=\"wpforms-field wpforms-field-select wpforms-two-thirds wpforms-firstwpforms-one-half wpforms-first wpforms-conditional-field wpforms-conditional-show wpforms-field-select-style-classic\" data-field-id=\"17\" style=\"display:none;\"><label class=\"wpforms-field-label\" for=\"wpforms-712-field_17\">Je suis \u00e0 la recherche d&#039;un stage ou d&#039;une alternance<\/label><select id=\"wpforms-712-field_17\" class=\"wpforms-field-small\" name=\"wpforms[fields][17]\"><option value=\"Oui\" >Oui<\/option><option value=\"Non\" >Non<\/option><\/select><\/div><div id=\"wpforms-712-field_18-container\" class=\"wpforms-field wpforms-field-textarea wpforms-conditional-field wpforms-conditional-show\" data-field-id=\"18\" style=\"display:none;\"><label class=\"wpforms-field-label\" for=\"wpforms-712-field_18\">Parlez-nous de vos motivations :<\/label><textarea id=\"wpforms-712-field_18\" class=\"wpforms-field-medium\" name=\"wpforms[fields][18]\" ><\/textarea><\/div><div id=\"wpforms-712-field_7-container\" class=\"wpforms-field wpforms-field-file-upload wpforms-conditional-field wpforms-conditional-show\" data-field-id=\"7\" style=\"display:none;\"><label class=\"wpforms-field-label\" for=\"wpforms-712-field_7\">Joignez votre CV ainsi que votre lettre de motivation, tout support visuel de vos cr\u00e9ations culinaires (books, photos) <span class=\"wpforms-required-label\">*<\/span><\/label><div\n\t\tclass=\"wpforms-uploader\"\n\t\tdata-field-id=\"7\"\n\t\tdata-form-id=\"712\"\n\t\tdata-input-name=\"wpforms_712_7\"\n\t\tdata-extensions=\"pdf,jpg,doc,docx\"\n\t\tdata-max-size=\"2097152\"\n\t\tdata-max-file-number=\"4\"\n\t\tdata-post-max-size=\"4194304\"\n\t\tdata-max-parallel-uploads=\"4\"\n\t\tdata-parallel-uploads=\"true\"\n\t\tdata-file-chunk-size=\"2097152\">\n\t<div class=\"dz-message\">\n\t\t<svg viewBox=\"0 0 1024 1024\" focusable=\"false\" data-icon=\"inbox\" width=\"50px\" height=\"50px\" fill=\"currentColor\" aria-hidden=\"true\">\n\t\t\t<path d=\"M885.2 446.3l-.2-.8-112.2-285.1c-5-16.1-19.9-27.2-36.8-27.2H281.2c-17 0-32.1 11.3-36.9 27.6L139.4 443l-.3.7-.2.8c-1.3 4.9-1.7 9.9-1 14.8-.1 1.6-.2 3.2-.2 4.8V830a60.9 60.9 0 0 0 60.8 60.8h627.2c33.5 0 60.8-27.3 60.9-60.8V464.1c0-1.3 0-2.6-.1-3.7.4-4.9 0-9.6-1.3-14.1zm-295.8-43l-.3 15.7c-.8 44.9-31.8 75.1-77.1 75.1-22.1 0-41.1-7.1-54.8-20.6S436 441.2 435.6 419l-.3-15.7H229.5L309 210h399.2l81.7 193.3H589.4zm-375 76.8h157.3c24.3 57.1 76 90.8 140.4 90.8 33.7 0 65-9.4 90.3-27.2 22.2-15.6 39.5-37.4 50.7-63.6h156.5V814H214.4V480.1z\"><\/path>\n\t\t<\/svg>\n\t\t<span class=\"modern-title\">Click or drag files to this area to upload.<\/span>\n\n\t\t\t\t\t<span class=\"modern-hint\">You can upload up to 4 files.<\/span>\n\t\t\t<\/div>\n<\/div>\n<input\n\t\ttype=\"text\"\n\t\tautocomplete=\"off\"\n\t\treadonly\n\t\tclass=\"dropzone-input\"\n\t\tstyle=\"position:absolute!important;clip:rect(0,0,0,0)!important;height:1px!important;width:1px!important;border:0!important;overflow:hidden!important;padding:0!important;margin:0!important;\"\n\t\tid=\"wpforms-712-field_7\"\n\t\tname=\"wpforms_712_7\" required\t\tvalue=\"\">\n<div class=\"wpforms-field-description\">Formats accept\u00e9s : .pdf, jpg, .doc, .dox &#8211; 2 Mo Max.<\/div><\/div><div id=\"wpforms-712-field_26-container\" class=\"wpforms-field wpforms-field-checkbox wpforms-list-inline wpforms-conditional-field wpforms-conditional-show\" data-field-id=\"26\" style=\"display:none;\"><label class=\"wpforms-field-label wpforms-label-hide\" for=\"wpforms-712-field_26\">J&#039;accepte d&#039;\u00eatre recontact\u00e9.<\/label><ul id=\"wpforms-712-field_26\"><li class=\"choice-1 depth-1\"><input type=\"checkbox\" id=\"wpforms-712-field_26_1\" name=\"wpforms[fields][26][]\" value=\"J&#039;accepte d&#039;\u00eatre recontact\u00e9 pour les offres commerciales de Chez Meunier et que mes donn\u00e9es soient trait\u00e9es par nos entreprises partenaires.\"  ><label class=\"wpforms-field-label-inline\" for=\"wpforms-712-field_26_1\">J&#8217;accepte d&#8217;\u00eatre recontact\u00e9 pour les offres commerciales de Chez Meunier et que mes donn\u00e9es soient trait\u00e9es par nos entreprises partenaires.<\/label><\/li><\/ul><\/div><div id=\"wpforms-712-field_19-container\" class=\"wpforms-field wpforms-field-checkbox wpforms-list-inline wpforms-conditional-field wpforms-conditional-show\" data-field-id=\"19\" style=\"display:none;\"><label class=\"wpforms-field-label wpforms-label-hide\" for=\"wpforms-712-field_19\">Autre poste<\/label><ul id=\"wpforms-712-field_19\"><li class=\"choice-1 depth-1\"><input type=\"checkbox\" id=\"wpforms-712-field_19_1\" name=\"wpforms[fields][19][]\" value=\"J\u2019accepte d\u2019\u00eatre contact\u00e9 si un autre poste peut me correspondre.\"  ><label class=\"wpforms-field-label-inline\" for=\"wpforms-712-field_19_1\">J\u2019accepte d\u2019\u00eatre contact\u00e9 si un autre poste peut me correspondre.<\/label><\/li><\/ul><\/div><div id=\"wpforms-712-field_20-container\" class=\"wpforms-field wpforms-field-checkbox wpforms-list-inline\" data-field-id=\"20\"><label class=\"wpforms-field-label wpforms-label-hide\" for=\"wpforms-712-field_20\">Politique de confidentialit\u00e9 <span class=\"wpforms-required-label\">*<\/span><\/label><ul id=\"wpforms-712-field_20\" class=\"wpforms-field-required\"><li class=\"choice-1 depth-1\"><input type=\"checkbox\" id=\"wpforms-712-field_20_1\" name=\"wpforms[fields][20][]\" value=\"J\u2019accepte la politique de confidentialit\u00e9 de Chez Meunier sur le traitement de mes donn\u00e9es.\" required ><label class=\"wpforms-field-label-inline\" for=\"wpforms-712-field_20_1\">J\u2019accepte la politique de confidentialit\u00e9 de Chez Meunier sur le traitement de mes donn\u00e9es. <span class=\"wpforms-required-label\">*<\/span><\/label><\/li><\/ul><\/div><\/div><!-- .wpforms-field-container --><div class=\"wpforms-recaptcha-container wpforms-is-recaptcha wpforms-is-recaptcha-type-v3\" ><input type=\"hidden\" name=\"wpforms[recaptcha]\" value=\"\"><\/div><div class=\"wpforms-submit-container\" ><input type=\"hidden\" name=\"wpforms[id]\" value=\"712\"><input type=\"hidden\" name=\"page_title\" value=\"\"><input type=\"hidden\" name=\"page_url\" value=\"https:\/\/www.chezmeunier.com\/en\/wp-json\/wp\/v2\/pages\/37\"><button type=\"submit\" name=\"wpforms[submit]\" id=\"wpforms-submit-712\" class=\"wpforms-submit\" data-alt-text=\"Envoi en cours\" data-submit-text=\"Envoyer\" aria-live=\"assertive\" value=\"wpforms-submit\">Envoyer<\/button><img decoding=\"async\" data-src=\"https:\/\/www.chezmeunier.com\/wp-content\/plugins\/wpforms\/assets\/images\/submit-spin.svg\" class=\"wpforms-submit-spinner lazyload\" style=\"--smush-placeholder-width: 26px; --smush-placeholder-aspect-ratio: 26\/26;display: none;\" width=\"26\" height=\"26\" alt=\"Loading\" src=\"data:image\/svg+xml;base64,PHN2ZyB3aWR0aD0iMSIgaGVpZ2h0PSIxIiB4bWxucz0iaHR0cDovL3d3dy53My5vcmcvMjAwMC9zdmciPjwvc3ZnPg==\"><\/div><\/form><\/div>  <!-- .wpforms-container -->","protected":false},"excerpt":{"rendered":"<p>Compl\u00e9tez l\u2019int\u00e9gralit\u00e9 du formulaire ci-dessous et nous r\u00e9pondronsau plus vite.<\/p>\n","protected":false},"author":9,"featured_media":0,"parent":0,"menu_order":22,"comment_status":"closed","ping_status":"closed","template":"","meta":{"_acf_changed":false,"inline_featured_image":false,"footnotes":""},"class_list":["post-37","page","type-page","status-publish","hentry"],"acf":[],"yoast_head":"<!-- This site is optimized with the Yoast SEO plugin v27.4 - https:\/\/yoast.com\/product\/yoast-seo-wordpress\/ -->\n<title>Contactez-nous - Chez Meunier<\/title>\n<meta name=\"robots\" content=\"index, follow, max-snippet:-1, max-image-preview:large, max-video-preview:-1\" \/>\n<link rel=\"canonical\" href=\"https:\/\/www.chezmeunier.com\/en\/contact\/\" \/>\n<meta property=\"og:locale\" content=\"en_US\" \/>\n<meta property=\"og:type\" content=\"article\" \/>\n<meta property=\"og:title\" content=\"Contactez-nous - Chez Meunier\" \/>\n<meta property=\"og:description\" content=\"Compl\u00e9tez l\u2019int\u00e9gralit\u00e9 du formulaire ci-dessous et nous r\u00e9pondronsau plus vite.\" \/>\n<meta property=\"og:url\" content=\"https:\/\/www.chezmeunier.com\/en\/contact\/\" \/>\n<meta property=\"og:site_name\" content=\"Chez Meunier\" \/>\n<meta property=\"article:modified_time\" content=\"2023-01-02T17:24:08+00:00\" \/>\n<meta name=\"twitter:card\" content=\"summary_large_image\" \/>\n<script type=\"application\/ld+json\" class=\"yoast-schema-graph\">{\"@context\":\"https:\\\/\\\/schema.org\",\"@graph\":[{\"@type\":\"WebPage\",\"@id\":\"https:\\\/\\\/www.chezmeunier.com\\\/en\\\/contact\\\/\",\"url\":\"https:\\\/\\\/www.chezmeunier.com\\\/en\\\/contact\\\/\",\"name\":\"Contactez-nous - Chez Meunier\",\"isPartOf\":{\"@id\":\"https:\\\/\\\/www.chezmeunier.com\\\/en\\\/#website\"},\"datePublished\":\"2021-10-25T09:33:13+00:00\",\"dateModified\":\"2023-01-02T17:24:08+00:00\",\"breadcrumb\":{\"@id\":\"https:\\\/\\\/www.chezmeunier.com\\\/en\\\/contact\\\/#breadcrumb\"},\"inLanguage\":\"en-US\",\"potentialAction\":[{\"@type\":\"ReadAction\",\"target\":[\"https:\\\/\\\/www.chezmeunier.com\\\/en\\\/contact\\\/\"]}]},{\"@type\":\"BreadcrumbList\",\"@id\":\"https:\\\/\\\/www.chezmeunier.com\\\/en\\\/contact\\\/#breadcrumb\",\"itemListElement\":[{\"@type\":\"ListItem\",\"position\":1,\"name\":\"Accueil\",\"item\":\"https:\\\/\\\/www.chezmeunier.com\\\/en\\\/\"},{\"@type\":\"ListItem\",\"position\":2,\"name\":\"Contactez-nous\"}]},{\"@type\":\"WebSite\",\"@id\":\"https:\\\/\\\/www.chezmeunier.com\\\/en\\\/#website\",\"url\":\"https:\\\/\\\/www.chezmeunier.com\\\/en\\\/\",\"name\":\"Chez Meunier\",\"description\":\"Maison de qualit\u00e9\",\"potentialAction\":[{\"@type\":\"SearchAction\",\"target\":{\"@type\":\"EntryPoint\",\"urlTemplate\":\"https:\\\/\\\/www.chezmeunier.com\\\/en\\\/?s={search_term_string}\"},\"query-input\":{\"@type\":\"PropertyValueSpecification\",\"valueRequired\":true,\"valueName\":\"search_term_string\"}}],\"inLanguage\":\"en-US\"}]}<\/script>\n<!-- \/ Yoast SEO plugin. -->","yoast_head_json":{"title":"Contactez-nous - Chez Meunier","robots":{"index":"index","follow":"follow","max-snippet":"max-snippet:-1","max-image-preview":"max-image-preview:large","max-video-preview":"max-video-preview:-1"},"canonical":"https:\/\/www.chezmeunier.com\/en\/contact\/","og_locale":"en_US","og_type":"article","og_title":"Contactez-nous - Chez Meunier","og_description":"Compl\u00e9tez l\u2019int\u00e9gralit\u00e9 du formulaire ci-dessous et nous r\u00e9pondronsau plus vite.","og_url":"https:\/\/www.chezmeunier.com\/en\/contact\/","og_site_name":"Chez Meunier","article_modified_time":"2023-01-02T17:24:08+00:00","twitter_card":"summary_large_image","schema":{"@context":"https:\/\/schema.org","@graph":[{"@type":"WebPage","@id":"https:\/\/www.chezmeunier.com\/en\/contact\/","url":"https:\/\/www.chezmeunier.com\/en\/contact\/","name":"Contactez-nous - Chez Meunier","isPartOf":{"@id":"https:\/\/www.chezmeunier.com\/en\/#website"},"datePublished":"2021-10-25T09:33:13+00:00","dateModified":"2023-01-02T17:24:08+00:00","breadcrumb":{"@id":"https:\/\/www.chezmeunier.com\/en\/contact\/#breadcrumb"},"inLanguage":"en-US","potentialAction":[{"@type":"ReadAction","target":["https:\/\/www.chezmeunier.com\/en\/contact\/"]}]},{"@type":"BreadcrumbList","@id":"https:\/\/www.chezmeunier.com\/en\/contact\/#breadcrumb","itemListElement":[{"@type":"ListItem","position":1,"name":"Accueil","item":"https:\/\/www.chezmeunier.com\/en\/"},{"@type":"ListItem","position":2,"name":"Contactez-nous"}]},{"@type":"WebSite","@id":"https:\/\/www.chezmeunier.com\/en\/#website","url":"https:\/\/www.chezmeunier.com\/en\/","name":"Chez Meunier","description":"Maison de qualit\u00e9","potentialAction":[{"@type":"SearchAction","target":{"@type":"EntryPoint","urlTemplate":"https:\/\/www.chezmeunier.com\/en\/?s={search_term_string}"},"query-input":{"@type":"PropertyValueSpecification","valueRequired":true,"valueName":"search_term_string"}}],"inLanguage":"en-US"}]}},"_links":{"self":[{"href":"https:\/\/www.chezmeunier.com\/en\/wp-json\/wp\/v2\/pages\/37","targetHints":{"allow":["GET"]}}],"collection":[{"href":"https:\/\/www.chezmeunier.com\/en\/wp-json\/wp\/v2\/pages"}],"about":[{"href":"https:\/\/www.chezmeunier.com\/en\/wp-json\/wp\/v2\/types\/page"}],"author":[{"embeddable":true,"href":"https:\/\/www.chezmeunier.com\/en\/wp-json\/wp\/v2\/users\/9"}],"replies":[{"embeddable":true,"href":"https:\/\/www.chezmeunier.com\/en\/wp-json\/wp\/v2\/comments?post=37"}],"version-history":[{"count":5,"href":"https:\/\/www.chezmeunier.com\/en\/wp-json\/wp\/v2\/pages\/37\/revisions"}],"predecessor-version":[{"id":2014,"href":"https:\/\/www.chezmeunier.com\/en\/wp-json\/wp\/v2\/pages\/37\/revisions\/2014"}],"wp:attachment":[{"href":"https:\/\/www.chezmeunier.com\/en\/wp-json\/wp\/v2\/media?parent=37"}],"curies":[{"name":"wp","href":"https:\/\/api.w.org\/{rel}","templated":true}]}}